{"id":860,"date":"2021-06-29T05:54:17","date_gmt":"2021-06-29T05:54:17","guid":{"rendered":"https:\/\/sionconsultoriacontable.com\/index.php\/services\/"},"modified":"2023-02-23T19:17:20","modified_gmt":"2023-02-23T19:17:20","slug":"servicios","status":"publish","type":"page","link":"https:\/\/sionconsultoriacontable.com\/index.php\/servicios\/","title":{"rendered":"Servicios"},"content":{"rendered":"\n<div class=\"wp-block-uagb-container uagb-block-69957eaa alignfull uagb-is-root-container\"><div class=\"uagb-container-inner-blocks-wrap\">\n<div class=\"wp-block-uagb-info-box uagb-block-3158b44e uagb-infobox__content-wrap  uagb-infobox-icon-above-title uagb-infobox-image-valign-top\"><div class=\"uagb-ifb-content\"><div class=\"uagb-ifb-title-wrap\"><h2 class=\"uagb-ifb-title\">Servicios<\/h2><\/div><\/div><\/div>\n<\/div><\/div>\n\n\n\n<div class=\"wp-block-uagb-container uagb-block-7835b1f2 alignfull uagb-is-root-container\"><div class=\"uagb-container-inner-blocks-wrap\">\n<div class=\"wp-block-uagb-container uagb-block-4aa0db95\">\n<div class=\"is-layout-flex wp-container-3 wp-block-columns\">\n<div class=\"is-layout-flow wp-block-column\">\n<figure class=\"wp-block-image aligncenter size-full is-resized has-custom-border\"><img decoding=\"async\" loading=\"lazy\" src=\"https:\/\/sionconsultoriacontable.com\/wp-content\/uploads\/2023\/02\/01.png\" alt=\"\" class=\"wp-image-940\" style=\"border-style:none;border-width:0px;border-radius:0px\" width=\"118\" height=\"118\" srcset=\"https:\/\/sionconsultoriacontable.com\/wp-content\/uploads\/2023\/02\/01.png 500w, https:\/\/sionconsultoriacontable.com\/wp-content\/uploads\/2023\/02\/01-300x300.png 300w, https:\/\/sionconsultoriacontable.com\/wp-content\/uploads\/2023\/02\/01-150x150.png 150w\" sizes=\"(max-width: 118px) 100vw, 118px\" \/><\/figure>\n\n\n\n<div class=\"wp-block-uagb-info-box uagb-block-eda612e9 uagb-infobox__content-wrap  uagb-infobox-icon-above-title uagb-infobox-image-valign-top\"><div class=\"uagb-ifb-content\"><div class=\"uagb-ifb-title-wrap\"><h3 class=\"uagb-ifb-title\">Contabilidad e Impuestos<\/h3><\/div><p class=\"uagb-ifb-desc\">Registros contables<br>Altas en el SAT<br>Regularizaci\u00f3n de ejercicios anteriores<br>Facturaci\u00f3n electr\u00f3nica<br>Declaraci\u00f3n de impuestos federales<br>Declaraciones anuales<br>Actualizaci\u00f3n de obligaciones fiscales<br>Declaraci\u00f3n de operaciones con terceros (DIOT)<\/p><\/div><\/div>\n<\/div>\n\n\n\n<div class=\"is-layout-flow wp-block-column\">\n<figure class=\"wp-block-image aligncenter size-full is-resized\"><img decoding=\"async\" loading=\"lazy\" src=\"https:\/\/sionconsultoriacontable.com\/wp-content\/uploads\/2023\/02\/02.png\" alt=\"\" class=\"wp-image-941\" width=\"117\" height=\"117\" srcset=\"https:\/\/sionconsultoriacontable.com\/wp-content\/uploads\/2023\/02\/02.png 500w, https:\/\/sionconsultoriacontable.com\/wp-content\/uploads\/2023\/02\/02-300x300.png 300w, https:\/\/sionconsultoriacontable.com\/wp-content\/uploads\/2023\/02\/02-150x150.png 150w\" sizes=\"(max-width: 117px) 100vw, 117px\" \/><\/figure>\n\n\n\n<div class=\"wp-block-uagb-info-box uagb-block-db6fde05 uagb-infobox__content-wrap  uagb-infobox-icon-above-title uagb-infobox-image-valign-top\"><div class=\"uagb-ifb-content\"><div class=\"uagb-ifb-title-wrap\"><h3 class=\"uagb-ifb-title\">Administraci\u00f3n de N\u00f3mina<\/h3><\/div><p class=\"uagb-ifb-desc\">An\u00e1lisis de costos de n\u00f3mina<br>Calculo de n\u00f3mina<br>Timbrado de n\u00f3mina<br>Contratos de empleados<br>Altas y bajas de empleados<br>Calculo de Vacaciones<br>Calculo de finiquitos<br>Calculo de indemnizaciones<br>Calculo de retenciones ISR<br>An\u00e1lisis de rotaci\u00f3n de empleados<br>Estrategias fiscales<br>Calculo de impuestos estatales<\/p><\/div><\/div>\n<\/div>\n<\/div>\n<\/div>\n\n\n\n<div class=\"wp-block-uagb-container uagb-block-2668e25f\">\n<div class=\"is-layout-flex wp-container-6 wp-block-columns\">\n<div class=\"is-layout-flow wp-block-column\">\n<figure class=\"wp-block-image aligncenter size-full is-resized\"><img decoding=\"async\" loading=\"lazy\" src=\"https:\/\/sionconsultoriacontable.com\/wp-content\/uploads\/2023\/02\/03.png\" alt=\"\" class=\"wp-image-943\" width=\"121\" height=\"121\" srcset=\"https:\/\/sionconsultoriacontable.com\/wp-content\/uploads\/2023\/02\/03.png 500w, https:\/\/sionconsultoriacontable.com\/wp-content\/uploads\/2023\/02\/03-300x300.png 300w, https:\/\/sionconsultoriacontable.com\/wp-content\/uploads\/2023\/02\/03-150x150.png 150w\" sizes=\"(max-width: 121px) 100vw, 121px\" \/><\/figure>\n\n\n\n<div class=\"wp-block-uagb-info-box uagb-block-ef269155 uagb-infobox__content-wrap  uagb-infobox-icon-above-title uagb-infobox-image-valign-top\"><div class=\"uagb-ifb-content\"><div class=\"uagb-ifb-title-wrap\"><h3 class=\"uagb-ifb-title\">Seguridad Social<\/h3><\/div><p class=\"uagb-ifb-desc\">An\u00e1lisis de costos de Seguridad Social<br>Altas patronales<br>Altas y bajas de empleados<br>Calculo de cuotas Obrero-Patronales<br>Amortizaciones de empleados<br>Retenci\u00f3n de INFONAVIT de empleados<br>Modificaciones de salarios<br>Calculo y env\u00edo de variables<br>Calculo y env\u00edo de prima de riesgo de trabajo<br>Monitoreo de incapacidades de trabajadores<br>Atenci\u00f3n de requerimientos por parte del Instituto<\/p><\/div><\/div>\n<\/div>\n\n\n\n<div class=\"is-layout-flow wp-block-column\">\n<figure class=\"wp-block-image aligncenter size-full is-resized\"><img decoding=\"async\" loading=\"lazy\" src=\"https:\/\/sionconsultoriacontable.com\/wp-content\/uploads\/2023\/02\/04.png\" alt=\"\" class=\"wp-image-945\" width=\"113\" height=\"113\" srcset=\"https:\/\/sionconsultoriacontable.com\/wp-content\/uploads\/2023\/02\/04.png 500w, https:\/\/sionconsultoriacontable.com\/wp-content\/uploads\/2023\/02\/04-300x300.png 300w, https:\/\/sionconsultoriacontable.com\/wp-content\/uploads\/2023\/02\/04-150x150.png 150w\" sizes=\"(max-width: 113px) 100vw, 113px\" \/><\/figure>\n\n\n\n<div class=\"wp-block-uagb-info-box uagb-block-64b86a37 uagb-infobox__content-wrap  uagb-infobox-icon-above-title uagb-infobox-image-valign-top\"><div class=\"uagb-ifb-content\"><div class=\"uagb-ifb-title-wrap\"><h3 class=\"uagb-ifb-title\">Modalidad 40<\/h3><\/div><p class=\"uagb-ifb-desc\">Asesor\u00eda modalidad 40<br>Inscripci\u00f3n a la modalidad 40.<br>Calculo de pensi\u00f3n.<\/p><\/div><\/div>\n<\/div>\n<\/div>\n<\/div>\n<\/div><\/div>\n","protected":false},"excerpt":{"rendered":"","protected":false},"author":1,"featured_media":0,"parent":0,"menu_order":3,"comment_status":"closed","ping_status":"closed","template":"","meta":{"_uag_custom_page_level_css":"","site-sidebar-layout":"no-sidebar","site-content-layout":"plain-container","ast-global-header-display":"","ast-main-header-display":"","ast-hfb-above-header-display":"","ast-hfb-below-header-display":"","ast-hfb-mobile-header-display":"","site-post-title":"disabled","ast-breadcrumbs-content":"","ast-featured-img":"disabled","footer-sml-layout":"","theme-transparent-header-meta":"enabled","adv-header-id-meta":"","stick-header-meta":"","header-above-stick-meta":"","header-main-stick-meta":"","header-below-stick-meta":""},"uagb_featured_image_src":{"full":false,"thumbnail":false,"medium":false,"medium_large":false,"large":false,"1536x1536":false,"2048x2048":false},"uagb_author_info":{"display_name":"consultoriacontablesion@gmail.com","author_link":"https:\/\/sionconsultoriacontable.com\/index.php\/author\/consultoriacontablesiongmail-com\/"},"uagb_comment_info":0,"uagb_excerpt":null,"_links":{"self":[{"href":"https:\/\/sionconsultoriacontable.com\/index.php\/wp-json\/wp\/v2\/pages\/860"}],"collection":[{"href":"https:\/\/sionconsultoriacontable.com\/index.php\/wp-json\/wp\/v2\/pages"}],"about":[{"href":"https:\/\/sionconsultoriacontable.com\/index.php\/wp-json\/wp\/v2\/types\/page"}],"author":[{"embeddable":true,"href":"https:\/\/sionconsultoriacontable.com\/index.php\/wp-json\/wp\/v2\/users\/1"}],"replies":[{"embeddable":true,"href":"https:\/\/sionconsultoriacontable.com\/index.php\/wp-json\/wp\/v2\/comments?post=860"}],"version-history":[{"count":30,"href":"https:\/\/sionconsultoriacontable.com\/index.php\/wp-json\/wp\/v2\/pages\/860\/revisions"}],"predecessor-version":[{"id":1043,"href":"https:\/\/sionconsultoriacontable.com\/index.php\/wp-json\/wp\/v2\/pages\/860\/revisions\/1043"}],"wp:attachment":[{"href":"https:\/\/sionconsultoriacontable.com\/index.php\/wp-json\/wp\/v2\/media?parent=860"}],"curies":[{"name":"wp","href":"https:\/\/api.w.org\/{rel}","templated":true}]}}