{"id":859,"date":"2021-06-29T05:54:17","date_gmt":"2021-06-29T05:54:17","guid":{"rendered":"https:\/\/sionconsultoriacontable.com\/index.php\/about\/"},"modified":"2023-02-23T19:17:08","modified_gmt":"2023-02-23T19:17:08","slug":"nosotros","status":"publish","type":"page","link":"https:\/\/sionconsultoriacontable.com\/index.php\/nosotros\/","title":{"rendered":"Nosotros"},"content":{"rendered":"\n<div class=\"wp-block-uagb-container uagb-block-31f70f91 alignfull uagb-is-root-container\"><div class=\"uagb-container-inner-blocks-wrap\">\n<div class=\"wp-block-uagb-info-box uagb-block-c4fce8b7 uagb-infobox__content-wrap  uagb-infobox-icon-above-title uagb-infobox-image-valign-top\"><div class=\"uagb-ifb-content\"><div class=\"uagb-ifb-title-wrap\"><h2 class=\"uagb-ifb-title\">Quienes somos<\/h2><\/div><\/div><\/div>\n\n\n\n<p class=\"has-ast-global-color-5-color has-text-color has-medium-font-size\">Somos una empresa de contadores apasionados, calificados y comprometidos con nuestros clientes. Brindamos servicios contables, fiscales y administrativos, con el fin de que tu empresa sea sostenible y competitiva.&nbsp;&nbsp;&nbsp;<\/p>\n<\/div><\/div>\n\n\n\n<div class=\"wp-block-uagb-container uagb-block-408880c7 alignfull uagb-is-root-container\"><div class=\"uagb-container-inner-blocks-wrap\">\n<div class=\"wp-block-uagb-info-box uagb-block-78a3be27 uagb-infobox__content-wrap  uagb-infobox-icon-above-title uagb-infobox-image-valign-top\"><div class=\"uagb-ifb-content\"><div class=\"uagb-ifb-icon-wrap\"><svg xmlns=\"https:\/\/www.w3.org\/2000\/svg\" viewBox=\"0 0 512 512\"><path d=\"M0 256C0 114.6 114.6 0 256 0C397.4 0 512 114.6 512 256C512 397.4 397.4 512 256 512C114.6 512 0 397.4 0 256zM371.8 211.8C382.7 200.9 382.7 183.1 371.8 172.2C360.9 161.3 343.1 161.3 332.2 172.2L224 280.4L179.8 236.2C168.9 225.3 151.1 225.3 140.2 236.2C129.3 247.1 129.3 264.9 140.2 275.8L204.2 339.8C215.1 350.7 232.9 350.7 243.8 339.8L371.8 211.8z\"><\/path><\/svg><\/div><div class=\"uagb-ifb-title-wrap\"><h3 class=\"uagb-ifb-title\">Misi\u00f3n<\/h3><\/div><p class=\"uagb-ifb-desc\">Brindar servicios profesionales contables, administrativos y financieros de alta calidad, que garanticen la seguridad y exactitud en la informaci\u00f3n de nuestros clientes. Dise\u00f1ando soluciones estrat\u00e9gicas personalizadas para un crecimiento empresarial sostenible y competitivo.<\/p><\/div><\/div>\n\n\n\n<div class=\"wp-block-uagb-info-box uagb-block-618c33f5 uagb-infobox__content-wrap  uagb-infobox-icon-above-title uagb-infobox-image-valign-top\"><div class=\"uagb-ifb-content\"><div class=\"uagb-ifb-icon-wrap\"><svg xmlns=\"https:\/\/www.w3.org\/2000\/svg\" viewBox=\"0 0 512 512\"><path d=\"M0 256C0 114.6 114.6 0 256 0C397.4 0 512 114.6 512 256C512 397.4 397.4 512 256 512C114.6 512 0 397.4 0 256zM371.8 211.8C382.7 200.9 382.7 183.1 371.8 172.2C360.9 161.3 343.1 161.3 332.2 172.2L224 280.4L179.8 236.2C168.9 225.3 151.1 225.3 140.2 236.2C129.3 247.1 129.3 264.9 140.2 275.8L204.2 339.8C215.1 350.7 232.9 350.7 243.8 339.8L371.8 211.8z\"><\/path><\/svg><\/div><div class=\"uagb-ifb-title-wrap\"><h3 class=\"uagb-ifb-title\">Visi\u00f3n<\/h3><\/div><p class=\"uagb-ifb-desc\">Ser una organizaci\u00f3n solida de profesionales diversificados y comprometidos con los objetivos organizacionales para superar las expectativas de nuestros clientes, al garantizarles soluciones estrat\u00e9gicas que generen crecimiento, competitividad y estabilidad a sus empresas.<\/p><\/div><\/div>\n<\/div><\/div>\n","protected":false},"excerpt":{"rendered":"","protected":false},"author":1,"featured_media":0,"parent":0,"menu_order":2,"comment_status":"closed","ping_status":"closed","template":"","meta":{"_uag_custom_page_level_css":"","site-sidebar-layout":"no-sidebar","site-content-layout":"plain-container","ast-global-header-display":"","ast-main-header-display":"","ast-hfb-above-header-display":"","ast-hfb-below-header-display":"","ast-hfb-mobile-header-display":"","site-post-title":"disabled","ast-breadcrumbs-content":"","ast-featured-img":"disabled","footer-sml-layout":"","theme-transparent-header-meta":"enabled","adv-header-id-meta":"","stick-header-meta":"","header-above-stick-meta":"","header-main-stick-meta":"","header-below-stick-meta":""},"uagb_featured_image_src":{"full":false,"thumbnail":false,"medium":false,"medium_large":false,"large":false,"1536x1536":false,"2048x2048":false},"uagb_author_info":{"display_name":"consultoriacontablesion@gmail.com","author_link":"https:\/\/sionconsultoriacontable.com\/index.php\/author\/consultoriacontablesiongmail-com\/"},"uagb_comment_info":0,"uagb_excerpt":null,"_links":{"self":[{"href":"https:\/\/sionconsultoriacontable.com\/index.php\/wp-json\/wp\/v2\/pages\/859"}],"collection":[{"href":"https:\/\/sionconsultoriacontable.com\/index.php\/wp-json\/wp\/v2\/pages"}],"about":[{"href":"https:\/\/sionconsultoriacontable.com\/index.php\/wp-json\/wp\/v2\/types\/page"}],"author":[{"embeddable":true,"href":"https:\/\/sionconsultoriacontable.com\/index.php\/wp-json\/wp\/v2\/users\/1"}],"replies":[{"embeddable":true,"href":"https:\/\/sionconsultoriacontable.com\/index.php\/wp-json\/wp\/v2\/comments?post=859"}],"version-history":[{"count":34,"href":"https:\/\/sionconsultoriacontable.com\/index.php\/wp-json\/wp\/v2\/pages\/859\/revisions"}],"predecessor-version":[{"id":1093,"href":"https:\/\/sionconsultoriacontable.com\/index.php\/wp-json\/wp\/v2\/pages\/859\/revisions\/1093"}],"wp:attachment":[{"href":"https:\/\/sionconsultoriacontable.com\/index.php\/wp-json\/wp\/v2\/media?parent=859"}],"curies":[{"name":"wp","href":"https:\/\/api.w.org\/{rel}","templated":true}]}}